{"id":3383,"date":"2025-09-15T10:50:42","date_gmt":"2025-09-15T08:50:42","guid":{"rendered":"https:\/\/amqg-aufg.org\/haftungsausschluss\/"},"modified":"2025-11-08T12:29:04","modified_gmt":"2025-11-08T11:29:04","slug":"haftungsausschluss","status":"publish","type":"page","link":"https:\/\/amqg-aufg.org\/de\/haftungsausschluss\/","title":{"rendered":"Haftungsausschluss"},"content":{"rendered":"<div id='av_section_1'  class='avia-section av-eazt2n-6ca9697e0cff62d4d2846732d345bb0c main_color avia-section-default avia-no-border-styling  avia-builder-el-0  avia-builder-el-no-sibling  avia-bg-style-scroll container_wrap fullsize'  ><div class='container av-section-cont-open' ><main  role=\"main\" itemprop=\"mainContentOfPage\"  class='template-page content  av-content-full alpha units'><div class='post-entry post-entry-type-page post-entry-3383'><div class='entry-content-wrapper clearfix'>\n<div  class='flex_column av-cjtpsf-ac4e5a3f888c322471aa8f17e09a5cfa av_one_fifth  avia-builder-el-1  el_before_av_three_fifth  avia-builder-el-first  first flex_column_div  '     ><\/div><div  class='flex_column av-a3nuj3-6503c9cf3b79c3c702a9667a9e14872c av_three_fifth  avia-builder-el-2  el_after_av_one_fifth  el_before_av_one_fifth  flex_column_div av-animated-generic pop-up  '     ><p>\n<style type=\"text\/css\" data-created_by=\"avia_inline_auto\" id=\"style-css-av-mfkvuzzc-07bcd29b118a490b2a6f915f0c95af4a\">\n#top .av-special-heading.av-mfkvuzzc-07bcd29b118a490b2a6f915f0c95af4a{\npadding-bottom:10px;\n}\nbody .av-special-heading.av-mfkvuzzc-07bcd29b118a490b2a6f915f0c95af4a .av-special-heading-tag .heading-char{\nfont-size:25px;\n}\n.av-special-heading.av-mfkvuzzc-07bcd29b118a490b2a6f915f0c95af4a .av-subheading{\nfont-size:15px;\n}\n<\/style>\n<div  class='av-special-heading av-mfkvuzzc-07bcd29b118a490b2a6f915f0c95af4a av-special-heading-h2 blockquote modern-quote modern-centered  avia-builder-el-3  el_before_av_textblock  avia-builder-el-first '><h2 class='av-special-heading-tag '  itemprop=\"headline\"  >Haftungsausschluss<\/h2><div class=\"special-heading-border\"><div class=\"special-heading-inner-border\"><\/div><\/div><\/div><br \/>\n<section  class='av_textblock_section av-mfkvul88-4b9d3758cdc9faeeecaae25c3dc357f6 '   itemscope=\"itemscope\" itemtype=\"https:\/\/schema.org\/CreativeWork\" ><div class='avia_textblock'  itemprop=\"text\" ><p class=\"font_8 wixui-rich-text__text\"><span class=\"color_26 wixui-rich-text__text\"><span class=\"wixui-rich-text__text\">Ce site est \u00e0 but informatif uniquement. Il n&#8217;a pas pour but de conseiller les parents, les proches ou les jeunes sur quoi faire en cas de &#8222;questionnement de genre&#8220; chez un jeune. Ce site cherche des r\u00e9ponses \u00e0 des questions scientifiques encore trop floues sur les effets des protocoles d&#8217;affirmation sur les pourcentages de d\u00e9sistement\/d\u00e9transition (jeunes qui cessent de s&#8217;identifier \u00e0 un &#8222;genre&#8220; n&#8217;\u00e9tant pas celui de leur sexe de naissance), ainsi que sur le futur des jeunes gens qui ont suivi un traitement de &#8222;r\u00e9assignation du genre&#8220; m\u00e9dical, dont le nombre a explos\u00e9 ces derni\u00e8res ann\u00e9es.\u00a0<\/span><\/span><\/p>\n<p class=\"font_8 wixui-rich-text__text\"><br class=\"wixui-rich-text__text\"\/><span class=\"color_26 wixui-rich-text__text\"><span class=\"wixui-rich-text__text\">Ce site a pour but d&#8217;attirer l&#8217;attention sur l&#8217;importance d&#8217;adresser ces &#8222;questionnements de genre&#8220; chez les jeunes de mani\u00e8re ouverte et transparente, et de favoriser une approche mod\u00e9r\u00e9e, diversifi\u00e9e et non militante. Les \u00e9tudes d\u00e9montrent que rejeter les jeunes qui se questionnent sur leur &#8222;genre&#8220;, nier leur exp\u00e9rience, ou sugg\u00e9rer qu&#8217;ils ne seraient plus aim\u00e9s et soutenus suite \u00e0 une &#8222;transition&#8220;, peut avoir un impact n\u00e9gatif sur leur sant\u00e9 mentale. Une &#8222;transition h\u00e2tive&#8220; peut \u00e9galement s&#8217;av\u00e9rer n\u00e9faste pour les jeunes, et de plus en plus d&#8217;exemples de ces cas sont document\u00e9s. Nous sommes en faveur d&#8217;un mod\u00e8le de soin de la sant\u00e9 mentale bas\u00e9 sur la science, o\u00f9 les jeunes qui se questionnent sont soutenus et aid\u00e9s, o\u00f9 ceux qui d\u00e9sistent\/d\u00e9transitionnent sont soutenus et prot\u00e9g\u00e9s, o\u00f9 les traitements m\u00e9dicaux sont per\u00e7us comme \u00e9tant de dernier recours, et pas comme une mesure de premier recours sans cons\u00e9quence.<\/span><\/span><\/p>\n<\/div><\/section><\/p><\/div><div  class='flex_column av-2jzr73-da63e7df06e29e8d4734ed7bae87279c av_one_fifth  avia-builder-el-5  el_after_av_three_fifth  avia-builder-el-last  flex_column_div  '     ><\/div>\n","protected":false},"excerpt":{"rendered":"","protected":false},"author":1,"featured_media":0,"parent":0,"menu_order":0,"comment_status":"closed","ping_status":"closed","template":"","meta":{"footnotes":""},"class_list":["post-3383","page","type-page","status-publish","hentry"],"yoast_head":"<!-- This site is optimized with the Yoast SEO plugin v27.1.1 - https:\/\/yoast.com\/product\/yoast-seo-wordpress\/ -->\n<title>Haftungsausschluss - AUFG - Verein f\u00fcr einen angemessenen Umgang mit Geschlechterfragen bei jungen Menschen<\/title>\n<meta name=\"description\" content=\"Diese Website dient ausschlie\u00dflich Informationszwecken. Es soll Eltern, Angeh\u00f6rige oder Jugendliche nicht zu Fragen der Geschlechtsidentit\u00e4t bei Jugendlichen beraten.\" \/>\n<meta name=\"robots\" content=\"index, follow, max-snippet:-1, max-image-preview:large, max-video-preview:-1\" \/>\n<link rel=\"canonical\" href=\"https:\/\/amqg-aufg.org\/de\/haftungsausschluss\/\" \/>\n<meta property=\"og:locale\" content=\"de_DE\" \/>\n<meta property=\"og:type\" content=\"article\" \/>\n<meta property=\"og:title\" content=\"Haftungsausschluss - AUFG - Verein f\u00fcr einen angemessenen Umgang mit Geschlechterfragen bei jungen Menschen\" \/>\n<meta property=\"og:description\" content=\"Diese Website dient ausschlie\u00dflich Informationszwecken. Es soll Eltern, Angeh\u00f6rige oder Jugendliche nicht zu Fragen der Geschlechtsidentit\u00e4t bei Jugendlichen beraten.\" \/>\n<meta property=\"og:url\" content=\"https:\/\/amqg-aufg.org\/de\/haftungsausschluss\/\" \/>\n<meta property=\"og:site_name\" content=\"AUFG - Verein f\u00fcr einen angemessenen Umgang mit Geschlechterfragen bei jungen Menschen\" \/>\n<meta property=\"article:modified_time\" content=\"2025-11-08T11:29:04+00:00\" \/>\n<meta name=\"twitter:card\" content=\"summary_large_image\" \/>\n<meta name=\"twitter:label1\" content=\"Gesch\u00e4tzte Lesezeit\" \/>\n\t<meta name=\"twitter:data1\" content=\"11\u00a0Minute\" \/>\n<script type=\"application\/ld+json\" class=\"yoast-schema-graph\">{\"@context\":\"https:\/\/schema.org\",\"@graph\":[{\"@type\":\"WebPage\",\"@id\":\"https:\/\/amqg-aufg.org\/de\/haftungsausschluss\/\",\"url\":\"https:\/\/amqg-aufg.org\/de\/haftungsausschluss\/\",\"name\":\"Haftungsausschluss - AUFG - Verein f\u00fcr einen angemessenen Umgang mit Geschlechterfragen bei jungen Menschen\",\"isPartOf\":{\"@id\":\"https:\/\/amqg-aufg.org\/de\/#website\"},\"datePublished\":\"2025-09-15T08:50:42+00:00\",\"dateModified\":\"2025-11-08T11:29:04+00:00\",\"description\":\"Diese Website dient ausschlie\u00dflich Informationszwecken. Es soll Eltern, Angeh\u00f6rige oder Jugendliche nicht zu Fragen der Geschlechtsidentit\u00e4t bei Jugendlichen beraten.\",\"breadcrumb\":{\"@id\":\"https:\/\/amqg-aufg.org\/de\/haftungsausschluss\/#breadcrumb\"},\"inLanguage\":\"de\",\"potentialAction\":[{\"@type\":\"ReadAction\",\"target\":[\"https:\/\/amqg-aufg.org\/de\/haftungsausschluss\/\"]}]},{\"@type\":\"BreadcrumbList\",\"@id\":\"https:\/\/amqg-aufg.org\/de\/haftungsausschluss\/#breadcrumb\",\"itemListElement\":[{\"@type\":\"ListItem\",\"position\":1,\"name\":\"Accueil\",\"item\":\"https:\/\/amqg-aufg.org\/de\/\"},{\"@type\":\"ListItem\",\"position\":2,\"name\":\"Haftungsausschluss\"}]},{\"@type\":\"WebSite\",\"@id\":\"https:\/\/amqg-aufg.org\/de\/#website\",\"url\":\"https:\/\/amqg-aufg.org\/de\/\",\"name\":\"AUFG - Verein f\u00fcr einen angemessenen Umgang mit Geschlechterfragen bei jungen Menschen\",\"description\":\"Sektion Deutschschweiz\",\"potentialAction\":[{\"@type\":\"SearchAction\",\"target\":{\"@type\":\"EntryPoint\",\"urlTemplate\":\"https:\/\/amqg-aufg.org\/de\/?s={search_term_string}\"},\"query-input\":{\"@type\":\"PropertyValueSpecification\",\"valueRequired\":true,\"valueName\":\"search_term_string\"}}],\"inLanguage\":\"de\"}]}<\/script>\n<!-- \/ Yoast SEO plugin. -->","yoast_head_json":{"title":"Haftungsausschluss - AUFG - Verein f\u00fcr einen angemessenen Umgang mit Geschlechterfragen bei jungen Menschen","description":"Diese Website dient ausschlie\u00dflich Informationszwecken. Es soll Eltern, Angeh\u00f6rige oder Jugendliche nicht zu Fragen der Geschlechtsidentit\u00e4t bei Jugendlichen beraten.","robots":{"index":"index","follow":"follow","max-snippet":"max-snippet:-1","max-image-preview":"max-image-preview:large","max-video-preview":"max-video-preview:-1"},"canonical":"https:\/\/amqg-aufg.org\/de\/haftungsausschluss\/","og_locale":"de_DE","og_type":"article","og_title":"Haftungsausschluss - AUFG - Verein f\u00fcr einen angemessenen Umgang mit Geschlechterfragen bei jungen Menschen","og_description":"Diese Website dient ausschlie\u00dflich Informationszwecken. Es soll Eltern, Angeh\u00f6rige oder Jugendliche nicht zu Fragen der Geschlechtsidentit\u00e4t bei Jugendlichen beraten.","og_url":"https:\/\/amqg-aufg.org\/de\/haftungsausschluss\/","og_site_name":"AUFG - Verein f\u00fcr einen angemessenen Umgang mit Geschlechterfragen bei jungen Menschen","article_modified_time":"2025-11-08T11:29:04+00:00","twitter_card":"summary_large_image","twitter_misc":{"Gesch\u00e4tzte Lesezeit":"11\u00a0Minute"},"schema":{"@context":"https:\/\/schema.org","@graph":[{"@type":"WebPage","@id":"https:\/\/amqg-aufg.org\/de\/haftungsausschluss\/","url":"https:\/\/amqg-aufg.org\/de\/haftungsausschluss\/","name":"Haftungsausschluss - AUFG - Verein f\u00fcr einen angemessenen Umgang mit Geschlechterfragen bei jungen Menschen","isPartOf":{"@id":"https:\/\/amqg-aufg.org\/de\/#website"},"datePublished":"2025-09-15T08:50:42+00:00","dateModified":"2025-11-08T11:29:04+00:00","description":"Diese Website dient ausschlie\u00dflich Informationszwecken. Es soll Eltern, Angeh\u00f6rige oder Jugendliche nicht zu Fragen der Geschlechtsidentit\u00e4t bei Jugendlichen beraten.","breadcrumb":{"@id":"https:\/\/amqg-aufg.org\/de\/haftungsausschluss\/#breadcrumb"},"inLanguage":"de","potentialAction":[{"@type":"ReadAction","target":["https:\/\/amqg-aufg.org\/de\/haftungsausschluss\/"]}]},{"@type":"BreadcrumbList","@id":"https:\/\/amqg-aufg.org\/de\/haftungsausschluss\/#breadcrumb","itemListElement":[{"@type":"ListItem","position":1,"name":"Accueil","item":"https:\/\/amqg-aufg.org\/de\/"},{"@type":"ListItem","position":2,"name":"Haftungsausschluss"}]},{"@type":"WebSite","@id":"https:\/\/amqg-aufg.org\/de\/#website","url":"https:\/\/amqg-aufg.org\/de\/","name":"AUFG - Verein f\u00fcr einen angemessenen Umgang mit Geschlechterfragen bei jungen Menschen","description":"Sektion Deutschschweiz","potentialAction":[{"@type":"SearchAction","target":{"@type":"EntryPoint","urlTemplate":"https:\/\/amqg-aufg.org\/de\/?s={search_term_string}"},"query-input":{"@type":"PropertyValueSpecification","valueRequired":true,"valueName":"search_term_string"}}],"inLanguage":"de"}]}},"_links":{"self":[{"href":"https:\/\/amqg-aufg.org\/de\/wp-json\/wp\/v2\/pages\/3383","targetHints":{"allow":["GET"]}}],"collection":[{"href":"https:\/\/amqg-aufg.org\/de\/wp-json\/wp\/v2\/pages"}],"about":[{"href":"https:\/\/amqg-aufg.org\/de\/wp-json\/wp\/v2\/types\/page"}],"author":[{"embeddable":true,"href":"https:\/\/amqg-aufg.org\/de\/wp-json\/wp\/v2\/users\/1"}],"replies":[{"embeddable":true,"href":"https:\/\/amqg-aufg.org\/de\/wp-json\/wp\/v2\/comments?post=3383"}],"version-history":[{"count":3,"href":"https:\/\/amqg-aufg.org\/de\/wp-json\/wp\/v2\/pages\/3383\/revisions"}],"predecessor-version":[{"id":3805,"href":"https:\/\/amqg-aufg.org\/de\/wp-json\/wp\/v2\/pages\/3383\/revisions\/3805"}],"wp:attachment":[{"href":"https:\/\/amqg-aufg.org\/de\/wp-json\/wp\/v2\/media?parent=3383"}],"curies":[{"name":"wp","href":"https:\/\/api.w.org\/{rel}","templated":true}]}}