{"id":3430,"date":"2025-09-07T12:22:22","date_gmt":"2025-09-07T10:22:22","guid":{"rendered":"https:\/\/amqg-aufg.org\/mitglied-werden\/"},"modified":"2026-04-13T17:06:30","modified_gmt":"2026-04-13T15:06:30","slug":"mitglied-werden","status":"publish","type":"page","link":"https:\/\/amqg-aufg.org\/de\/mitglied-werden\/","title":{"rendered":"Mitglied werden"},"content":{"rendered":"\n<style type=\"text\/css\" data-created_by=\"avia_inline_auto\" id=\"style-css-av-14zb4wo-8fcfd233a40c6231a4bd0598bdbbb712\">\n.avia-section.av-14zb4wo-8fcfd233a40c6231a4bd0598bdbbb712{\nbackground-repeat:no-repeat;\nbackground-image:url(https:\/\/amqg-aufg.org\/wp-content\/uploads\/2025\/09\/jeunes-libres-etre-comme-ils-sont-AMQG.jpg);\nbackground-position:50% 0%;\nbackground-attachment:scroll;\nmargin-top:0px;\nmargin-bottom:80px;\nz-index:10;\nposition:relative;\n}\n.av-curtain-footer.av-curtain-activated #main .avia-section.av-14zb4wo-8fcfd233a40c6231a4bd0598bdbbb712{\nz-index:10;\n}\n.avia-section.av-14zb4wo-8fcfd233a40c6231a4bd0598bdbbb712 .av-section-color-overlay{\nopacity:0.9;\nbackground-color:#009297;\n}\n<\/style>\n<div id='service'  class='avia-section av-14zb4wo-8fcfd233a40c6231a4bd0598bdbbb712 main_color avia-section-default avia-no-border-styling  avia-builder-el-0  el_before_av_layout_row  avia-builder-el-first  avia-full-stretch avia-bg-style-scroll av-section-color-overlay-active av-custom-positioned av-minimum-height av-minimum-height-50 av-height-50  container_wrap fullsize'  data-section-bg-repeat='stretch' data-av_minimum_height_pc='50' data-av_min_height_opt='50'><div class=\"av-section-color-overlay-wrap\"><div class=\"av-section-color-overlay\"><\/div><div class='container av-section-cont-open' ><main  role=\"main\" itemprop=\"mainContentOfPage\"  class='template-page content  av-content-full alpha units'><div class='post-entry post-entry-type-page post-entry-3430'><div class='entry-content-wrapper clearfix'>\n<div  class='flex_column av-135rqmw-8c7a0efb8d8bac7c0b8af77c991a9419 av_three_fifth  avia-builder-el-1  el_before_av_two_fifth  avia-builder-el-first  first flex_column_div av-animated-generic pop-up  '     ><p>\n<style type=\"text\/css\" data-created_by=\"avia_inline_auto\" id=\"style-css-av-mf9jkx5x-2b1c572a08dec7432ca9b490b63de577\">\n#top .av-special-heading.av-mf9jkx5x-2b1c572a08dec7432ca9b490b63de577{\npadding-bottom:20px;\ncolor:#ffffff;\n}\nbody .av-special-heading.av-mf9jkx5x-2b1c572a08dec7432ca9b490b63de577 .av-special-heading-tag .heading-char{\nfont-size:25px;\n}\n.av-special-heading.av-mf9jkx5x-2b1c572a08dec7432ca9b490b63de577 .special-heading-inner-border{\nborder-color:#ffffff;\n}\n.av-special-heading.av-mf9jkx5x-2b1c572a08dec7432ca9b490b63de577 .av-subheading{\nfont-size:15px;\ncolor:#ffffff;\n}\nbody .av-special-heading.av-mf9jkx5x-2b1c572a08dec7432ca9b490b63de577 .av-special-heading-tag .heading-wrap:before{\nborder-color:#ffffff;\n}\nbody .av-special-heading.av-mf9jkx5x-2b1c572a08dec7432ca9b490b63de577 .av-special-heading-tag .heading-wrap:after{\nborder-color:#ffffff;\n}\n<\/style>\n<div  class='av-special-heading av-mf9jkx5x-2b1c572a08dec7432ca9b490b63de577 av-special-heading-h1 custom-color-heading blockquote modern-quote  avia-builder-el-2  el_before_av_textblock  avia-builder-el-first '><div class='av_custom_color av-subheading av-subheading_above'><p>AUFG<\/p>\n<\/div><h1 class='av-special-heading-tag '  itemprop=\"headline\"  >Mitglied von AUFG werden<\/h1><div class=\"special-heading-border\"><div class=\"special-heading-inner-border\"><\/div><\/div><\/div><br \/>\n\n<style type=\"text\/css\" data-created_by=\"avia_inline_auto\" id=\"style-css-av-mf9jrdw5-9949b1de04b3ed1e20f1a2ea10492e6e\">\n#top .av_textblock_section.av-mf9jrdw5-9949b1de04b3ed1e20f1a2ea10492e6e .avia_textblock{\nfont-size:18px;\ncolor:#ffffff;\n}\n<\/style>\n<section  class='av_textblock_section av-mf9jrdw5-9949b1de04b3ed1e20f1a2ea10492e6e '   itemscope=\"itemscope\" itemtype=\"https:\/\/schema.org\/CreativeWork\" ><div class='avia_textblock av_inherit_color'  itemprop=\"text\" ><h3>Souhaitez-vous contribuer activement aux projets et initiatives de l\u2019Association? Ou pr\u00e9f\u00e9rez-vous simplement soutenir notre action en tant que membre sympathisant ? Devenez membre.<\/h3>\n<\/div><\/section><\/p><\/div><div  class='flex_column av-sv148o-c0048f96586410aa42e4bba99134a419 av_two_fifth  avia-builder-el-4  el_after_av_three_fifth  avia-builder-el-last  flex_column_div  '     ><\/div><\/div><\/div><\/main><!-- close content main element --><\/div><\/div><\/div><div id='about'  class='av-layout-grid-container av-rjs5o8-8961b694e91aa185ccb5609b065f8476 entry-content-wrapper main_color av-flex-cells av-break-at-tablet  avia-builder-el-5  el_after_av_section  avia-builder-el-last  av-grid-order-reverse grid-row-not-first  container_wrap fullsize'  >\n\n<style type=\"text\/css\" data-created_by=\"avia_inline_auto\" id=\"style-css-av-p3tkrc-fa0af99f5ed164e7692bb0919e400b85\">\n.flex_cell.av-p3tkrc-fa0af99f5ed164e7692bb0919e400b85{\nvertical-align:middle;\n}\n.responsive #top #wrap_all .flex_cell.av-p3tkrc-fa0af99f5ed164e7692bb0919e400b85{\npadding:120px 120px 120px 120px !important;\n}\n<\/style>\n<div class='flex_cell av-p3tkrc-fa0af99f5ed164e7692bb0919e400b85 av-gridrow-cell av_one_half no_margin  avia-builder-el-6  el_before_av_cell_one_half  avia-builder-el-first  content-align-middle'  ><div class='flex_cell_inner'>\n<style type=\"text\/css\" data-created_by=\"avia_inline_auto\" id=\"style-css-av-2d1es8-803008ab90c6088ab3e4cbf25583fdec\">\n.flex_column.av-2d1es8-803008ab90c6088ab3e4cbf25583fdec{\npadding:30px 30px 30px 30px;\n}\n<\/style>\n<div  class='flex_column av-2d1es8-803008ab90c6088ab3e4cbf25583fdec av_one_full  avia-builder-el-7  avia-builder-el-no-sibling  first flex_column_div av-animated-generic pop-up  '     ><p>\n<style type=\"text\/css\" data-created_by=\"avia_inline_auto\" id=\"style-css-av-mf9jmyil-22647f858f84b04858e2b49718d8e902\">\n#top .av-special-heading.av-mf9jmyil-22647f858f84b04858e2b49718d8e902{\npadding-bottom:10px;\n}\nbody .av-special-heading.av-mf9jmyil-22647f858f84b04858e2b49718d8e902 .av-special-heading-tag .heading-char{\nfont-size:25px;\n}\n.av-special-heading.av-mf9jmyil-22647f858f84b04858e2b49718d8e902 .av-subheading{\nfont-size:15px;\n}\n<\/style>\n<div  class='av-special-heading av-mf9jmyil-22647f858f84b04858e2b49718d8e902 av-special-heading-h2 blockquote modern-quote modern-centered  avia-builder-el-8  el_before_av_textblock  avia-builder-el-first '><h2 class='av-special-heading-tag '  itemprop=\"headline\"  >Unterst\u00fctzen Sie unsere Arbeit, indem Sie sich gemeinsam mit uns f\u00fcr unsere gemeinsamen Ziele einsetzen.<\/h2><div class=\"special-heading-border\"><div class=\"special-heading-inner-border\"><\/div><\/div><\/div><br \/>\n<section  class='av_textblock_section av-mf9jm6dq-c651d36f442e77386f4a49a89580aaef '   itemscope=\"itemscope\" itemtype=\"https:\/\/schema.org\/CreativeWork\" ><div class='avia_textblock'  itemprop=\"text\" ><p>Il vous suffit de remplir le formulaire d&#8217;adh\u00e9sion ci-dessous et de verser votre cotisation sur notre IBAN CH4809000000158145754 ou &gt; utilisez la facture avec <a href=\"https:\/\/amqg-aufg.org\/wp-content\/uploads\/2025\/12\/Facture_QR_AMQG.pdf\">code QR<\/a>\u00a0ou &gt;\u00a0payez avec <a href=\"https:\/\/pay.raisenow.io\/mycjq?lng=fr\">TWINT<\/a>. Nous vous confirmerons votre adh\u00e9sion une fois ces deux conditions remplies.<\/p>\n<p>L&#8217;adh\u00e9sion \u00e0 l&#8217;AMQG est individuelle, annuelle (du 1er janvier au 31 d\u00e9cembre).<\/p>\n<p><strong>L&#8217;Association propose deux formes d&#8217;adh\u00e9sion:<\/strong><\/p>\n<ul>\n<li><strong>membre actif<\/strong>, pour soutenir activement l&#8217;Association et ses buts, en vous associant \u00e0 nos actions. <em>(parents et proches concern\u00e9s, professionnels du droits et de la sant\u00e9, enseignants et \u00e9ducateurs, militants LGB, f\u00e9ministes, etc.).<\/em> Les membres actifs s&#8217;aquittent d&#8217;une cotisation \u00e0 bien plaire d\u00e8s 20 chf.<\/li>\n<li><strong>membre sympathisant<\/strong>, pour soutenir l&#8217;Association et ses buts.<\/li>\n<\/ul>\n<p><strong>Statuts de l&#8217;Association &gt; <a href=\"https:\/\/amqg-aufg.org\/wp-content\/uploads\/2025\/08\/Statuts-22.12.2022.pdf\" target=\"_blank\" rel=\"noopener\">ici<\/a>.<\/strong><\/p>\n<p>L&#8217;AMQG est une association suisse \u00e0 but non-lucratif, r\u00e9gie par les articles 60 \u00e0 79 du Code civil suisse (CCS) du 10.12.1907. L&#8217;AMQG respecte la confidentialit\u00e9 de ses membres.\u00a0Elle a \u00e9t\u00e9 reconnue d&#8217;utilit\u00e9 publique.<\/p>\n<p>AMQG, Association pour une approche mesur\u00e9e des questionnements de genre chez les jeunes, 1200 Gen\u00e8ve.<\/p>\n<\/div><\/section><br \/>\n<div  class='avia-buttonrow-wrap av-mipudow5-b378acc2b2111d3e965dd56cf21e1324 avia-buttonrow-center  avia-builder-el-10  el_after_av_textblock  avia-builder-el-last '>\n\n<style type=\"text\/css\" data-created_by=\"avia_inline_auto\" id=\"style-css-av-mipubu2g-a3382d95beca2a64acec4c36a9ad1c5c\">\n#top #wrap_all .avia-button.av-mipubu2g-a3382d95beca2a64acec4c36a9ad1c5c{\nmargin-bottom:5px;\nmargin-right:3px;\nmargin-left:3px;\n}\n<\/style>\n<a href='https:\/\/amqg-aufg.org\/wp-content\/uploads\/2025\/12\/Facture_QR_AMQG.pdf'  class='avia-button av-mipubu2g-a3382d95beca2a64acec4c36a9ad1c5c avia-icon_select-yes-right-icon avia-size-medium av-icon-on-hover avia-color-theme-color'   aria-label=\"QR-Code\"><span class='avia_iconbox_title' >QR-Code<\/span><span class='avia_button_icon avia_button_icon_right avia-svg-icon avia-font-svg_entypo-fontello' data-av_svg_icon='right-open-mini' data-av_iconset='svg_entypo-fontello'><svg version=\"1.1\" xmlns=\"http:\/\/www.w3.org\/2000\/svg\" width=\"8\" height=\"32\" viewBox=\"0 0 8 32\" preserveAspectRatio=\"xMidYMid meet\" aria-labelledby='av-svg-title-1' aria-describedby='av-svg-desc-1' role=\"graphics-symbol\">\n<title id='av-svg-title-1'>Right-open-mini<\/title>\n<desc id='av-svg-desc-1'>Right-open-mini<\/desc>\n<path d=\"M0.416 21.44l5.056-5.44-5.056-5.504q-0.832-0.832 0-1.536 0.832-0.832 1.536 0l6.144 6.208q0.768 0.832 0 1.6l-6.144 6.208q-0.704 0.832-1.536 0-0.832-0.704 0-1.536z\"><\/path>\n<\/svg><\/span><\/a>\n\n<style type=\"text\/css\" data-created_by=\"avia_inline_auto\" id=\"style-css-av-mipubu2g-1-6eac503dcc2e297970c32dc9e166015b\">\n#top #wrap_all .avia-button.av-mipubu2g-1-6eac503dcc2e297970c32dc9e166015b{\nmargin-bottom:5px;\nmargin-right:3px;\nmargin-left:3px;\n}\n<\/style>\n<a href='https:\/\/donate.raisenow.io\/zygdh?lng=fr'  class='avia-button av-mipubu2g-1-6eac503dcc2e297970c32dc9e166015b avia-icon_select-yes-right-icon avia-size-medium av-icon-on-hover avia-color-theme-color'   aria-label=\"TWINT\"><span class='avia_iconbox_title' >TWINT<\/span><span class='avia_button_icon avia_button_icon_right avia-svg-icon avia-font-svg_entypo-fontello' data-av_svg_icon='right-open-mini' data-av_iconset='svg_entypo-fontello'><svg version=\"1.1\" xmlns=\"http:\/\/www.w3.org\/2000\/svg\" width=\"8\" height=\"32\" viewBox=\"0 0 8 32\" preserveAspectRatio=\"xMidYMid meet\" aria-labelledby='av-svg-title-2' aria-describedby='av-svg-desc-2' role=\"graphics-symbol\">\n<title id='av-svg-title-2'>Right-open-mini<\/title>\n<desc id='av-svg-desc-2'>Right-open-mini<\/desc>\n<path d=\"M0.416 21.44l5.056-5.44-5.056-5.504q-0.832-0.832 0-1.536 0.832-0.832 1.536 0l6.144 6.208q0.768 0.832 0 1.6l-6.144 6.208q-0.704 0.832-1.536 0-0.832-0.704 0-1.536z\"><\/path>\n<\/svg><\/span><\/a>\n<\/div><\/p><\/div>\n<\/div><\/div>\n<style type=\"text\/css\" data-created_by=\"avia_inline_auto\" id=\"style-css-av-2a63nc-0c6f80ee3617898b9a1e303cd5ab108b\">\n.flex_cell.av-2a63nc-0c6f80ee3617898b9a1e303cd5ab108b{\nvertical-align:middle;\n}\n.responsive #top #wrap_all .flex_cell.av-2a63nc-0c6f80ee3617898b9a1e303cd5ab108b{\npadding:70px 70px 70px 70px !important;\n}\n<\/style>\n<div class='flex_cell av-2a63nc-0c6f80ee3617898b9a1e303cd5ab108b av-gridrow-cell av_one_half no_margin  avia-builder-el-11  el_after_av_cell_one_half  avia-builder-el-last  content-align-middle'  ><div class='flex_cell_inner'><div  class='flex_column av-kswdfs-f77d98fbdabae15606adf0e1d9771a47 av_one_full  avia-builder-el-12  avia-builder-el-no-sibling  first flex_column_div  '     ><\/div>\n<\/div><\/div><\/div><\/p>\n","protected":false},"excerpt":{"rendered":"","protected":false},"author":2,"featured_media":0,"parent":0,"menu_order":0,"comment_status":"closed","ping_status":"closed","template":"","meta":{"footnotes":""},"class_list":["post-3430","page","type-page","status-publish","hentry"],"yoast_head":"<!-- This site is optimized with the Yoast SEO plugin v27.1.1 - https:\/\/yoast.com\/product\/yoast-seo-wordpress\/ -->\n<title>Mitglied werden - AUFG - Verein f\u00fcr einen angemessenen Umgang mit Geschlechterfragen bei jungen Menschen<\/title>\n<meta name=\"robots\" content=\"index, follow, max-snippet:-1, max-image-preview:large, max-video-preview:-1\" \/>\n<link rel=\"canonical\" href=\"https:\/\/amqg-aufg.org\/de\/mitglied-werden\/\" \/>\n<meta property=\"og:locale\" content=\"de_DE\" \/>\n<meta property=\"og:type\" content=\"article\" \/>\n<meta property=\"og:title\" content=\"Mitglied werden - AUFG - Verein f\u00fcr einen angemessenen Umgang mit Geschlechterfragen bei jungen Menschen\" \/>\n<meta property=\"og:url\" content=\"https:\/\/amqg-aufg.org\/de\/mitglied-werden\/\" \/>\n<meta property=\"og:site_name\" content=\"AUFG - Verein f\u00fcr einen angemessenen Umgang mit Geschlechterfragen bei jungen Menschen\" \/>\n<meta property=\"article:modified_time\" content=\"2026-04-13T15:06:30+00:00\" \/>\n<meta name=\"twitter:card\" content=\"summary_large_image\" \/>\n<meta name=\"twitter:label1\" content=\"Gesch\u00e4tzte Lesezeit\" \/>\n\t<meta name=\"twitter:data1\" content=\"2\u00a0Minute\" \/>\n<script type=\"application\/ld+json\" class=\"yoast-schema-graph\">{\"@context\":\"https:\/\/schema.org\",\"@graph\":[{\"@type\":\"WebPage\",\"@id\":\"https:\/\/amqg-aufg.org\/de\/mitglied-werden\/\",\"url\":\"https:\/\/amqg-aufg.org\/de\/mitglied-werden\/\",\"name\":\"Mitglied werden - AUFG - Verein f\u00fcr einen angemessenen Umgang mit Geschlechterfragen bei jungen Menschen\",\"isPartOf\":{\"@id\":\"https:\/\/amqg-aufg.org\/de\/#website\"},\"datePublished\":\"2025-09-07T10:22:22+00:00\",\"dateModified\":\"2026-04-13T15:06:30+00:00\",\"breadcrumb\":{\"@id\":\"https:\/\/amqg-aufg.org\/de\/mitglied-werden\/#breadcrumb\"},\"inLanguage\":\"de\",\"potentialAction\":[{\"@type\":\"ReadAction\",\"target\":[\"https:\/\/amqg-aufg.org\/de\/mitglied-werden\/\"]}]},{\"@type\":\"BreadcrumbList\",\"@id\":\"https:\/\/amqg-aufg.org\/de\/mitglied-werden\/#breadcrumb\",\"itemListElement\":[{\"@type\":\"ListItem\",\"position\":1,\"name\":\"Accueil\",\"item\":\"https:\/\/amqg-aufg.org\/de\/\"},{\"@type\":\"ListItem\",\"position\":2,\"name\":\"Mitglied werden\"}]},{\"@type\":\"WebSite\",\"@id\":\"https:\/\/amqg-aufg.org\/de\/#website\",\"url\":\"https:\/\/amqg-aufg.org\/de\/\",\"name\":\"AUFG - Verein f\u00fcr einen angemessenen Umgang mit Geschlechterfragen bei jungen Menschen\",\"description\":\"Sektion Deutschschweiz\",\"potentialAction\":[{\"@type\":\"SearchAction\",\"target\":{\"@type\":\"EntryPoint\",\"urlTemplate\":\"https:\/\/amqg-aufg.org\/de\/?s={search_term_string}\"},\"query-input\":{\"@type\":\"PropertyValueSpecification\",\"valueRequired\":true,\"valueName\":\"search_term_string\"}}],\"inLanguage\":\"de\"}]}<\/script>\n<!-- \/ Yoast SEO plugin. -->","yoast_head_json":{"title":"Mitglied werden - AUFG - Verein f\u00fcr einen angemessenen Umgang mit Geschlechterfragen bei jungen Menschen","robots":{"index":"index","follow":"follow","max-snippet":"max-snippet:-1","max-image-preview":"max-image-preview:large","max-video-preview":"max-video-preview:-1"},"canonical":"https:\/\/amqg-aufg.org\/de\/mitglied-werden\/","og_locale":"de_DE","og_type":"article","og_title":"Mitglied werden - AUFG - Verein f\u00fcr einen angemessenen Umgang mit Geschlechterfragen bei jungen Menschen","og_url":"https:\/\/amqg-aufg.org\/de\/mitglied-werden\/","og_site_name":"AUFG - Verein f\u00fcr einen angemessenen Umgang mit Geschlechterfragen bei jungen Menschen","article_modified_time":"2026-04-13T15:06:30+00:00","twitter_card":"summary_large_image","twitter_misc":{"Gesch\u00e4tzte Lesezeit":"2\u00a0Minute"},"schema":{"@context":"https:\/\/schema.org","@graph":[{"@type":"WebPage","@id":"https:\/\/amqg-aufg.org\/de\/mitglied-werden\/","url":"https:\/\/amqg-aufg.org\/de\/mitglied-werden\/","name":"Mitglied werden - AUFG - Verein f\u00fcr einen angemessenen Umgang mit Geschlechterfragen bei jungen Menschen","isPartOf":{"@id":"https:\/\/amqg-aufg.org\/de\/#website"},"datePublished":"2025-09-07T10:22:22+00:00","dateModified":"2026-04-13T15:06:30+00:00","breadcrumb":{"@id":"https:\/\/amqg-aufg.org\/de\/mitglied-werden\/#breadcrumb"},"inLanguage":"de","potentialAction":[{"@type":"ReadAction","target":["https:\/\/amqg-aufg.org\/de\/mitglied-werden\/"]}]},{"@type":"BreadcrumbList","@id":"https:\/\/amqg-aufg.org\/de\/mitglied-werden\/#breadcrumb","itemListElement":[{"@type":"ListItem","position":1,"name":"Accueil","item":"https:\/\/amqg-aufg.org\/de\/"},{"@type":"ListItem","position":2,"name":"Mitglied werden"}]},{"@type":"WebSite","@id":"https:\/\/amqg-aufg.org\/de\/#website","url":"https:\/\/amqg-aufg.org\/de\/","name":"AUFG - Verein f\u00fcr einen angemessenen Umgang mit Geschlechterfragen bei jungen Menschen","description":"Sektion Deutschschweiz","potentialAction":[{"@type":"SearchAction","target":{"@type":"EntryPoint","urlTemplate":"https:\/\/amqg-aufg.org\/de\/?s={search_term_string}"},"query-input":{"@type":"PropertyValueSpecification","valueRequired":true,"valueName":"search_term_string"}}],"inLanguage":"de"}]}},"_links":{"self":[{"href":"https:\/\/amqg-aufg.org\/de\/wp-json\/wp\/v2\/pages\/3430","targetHints":{"allow":["GET"]}}],"collection":[{"href":"https:\/\/amqg-aufg.org\/de\/wp-json\/wp\/v2\/pages"}],"about":[{"href":"https:\/\/amqg-aufg.org\/de\/wp-json\/wp\/v2\/types\/page"}],"author":[{"embeddable":true,"href":"https:\/\/amqg-aufg.org\/de\/wp-json\/wp\/v2\/users\/2"}],"replies":[{"embeddable":true,"href":"https:\/\/amqg-aufg.org\/de\/wp-json\/wp\/v2\/comments?post=3430"}],"version-history":[{"count":23,"href":"https:\/\/amqg-aufg.org\/de\/wp-json\/wp\/v2\/pages\/3430\/revisions"}],"predecessor-version":[{"id":4832,"href":"https:\/\/amqg-aufg.org\/de\/wp-json\/wp\/v2\/pages\/3430\/revisions\/4832"}],"wp:attachment":[{"href":"https:\/\/amqg-aufg.org\/de\/wp-json\/wp\/v2\/media?parent=3430"}],"curies":[{"name":"wp","href":"https:\/\/api.w.org\/{rel}","templated":true}]}}